{"id":151,"date":"2023-09-05T07:46:22","date_gmt":"2023-09-05T10:46:22","guid":{"rendered":"https:\/\/morteiroseguranca.magoweb.com.br\/?page_id=151"},"modified":"2024-08-20T16:21:06","modified_gmt":"2024-08-20T19:21:06","slug":"faq","status":"publish","type":"page","link":"https:\/\/morteiroseguranca.magoweb.com.br\/index.php\/faq\/","title":{"rendered":"FAQ"},"content":{"rendered":"\t\t<div data-elementor-type=\"wp-page\" data-elementor-id=\"151\" class=\"elementor elementor-151\" data-elementor-post-type=\"page\">\n\t\t\t\t<div class=\"elementor-element elementor-element-d32c3eb e-flex e-con-boxed e-con e-parent\" data-id=\"d32c3eb\" data-element_type=\"container\" data-e-type=\"container\" data-settings=\"{&quot;background_background&quot;:&quot;classic&quot;}\">\n\t\t\t\t\t<div class=\"e-con-inner\">\n\t\t\t\t\t<\/div>\n\t\t\t\t<\/div>\n\t\t<div class=\"elementor-element elementor-element-9b877fb e-flex e-con-boxed e-con e-parent\" data-id=\"9b877fb\" data-element_type=\"container\" data-e-type=\"container\">\n\t\t\t\t\t<div class=\"e-con-inner\">\n\t\t\t\t<div class=\"elementor-element elementor-element-73ee9eb elementor-widget elementor-widget-heading\" data-id=\"73ee9eb\" data-element_type=\"widget\" data-e-type=\"widget\" data-widget_type=\"heading.default\">\n\t\t\t\t<div class=\"elementor-widget-container\">\n\t\t\t\t\t<h2 class=\"elementor-heading-title elementor-size-default\">Perguntas frequentes\/FAQ<\/h2>\t\t\t\t<\/div>\n\t\t\t\t<\/div>\n\t\t\t\t<div class=\"elementor-element elementor-element-609e5f9 elementor-widget elementor-widget-accordion\" data-id=\"609e5f9\" data-element_type=\"widget\" data-e-type=\"widget\" data-widget_type=\"accordion.default\">\n\t\t\t\t<div class=\"elementor-widget-container\">\n\t\t\t\t\t\t\t<div class=\"elementor-accordion\">\n\t\t\t\t\t\t\t<div class=\"elementor-accordion-item\">\n\t\t\t\t\t<div id=\"elementor-tab-title-1011\" class=\"elementor-tab-title\" data-tab=\"1\" role=\"button\" aria-controls=\"elementor-tab-content-1011\" aria-expanded=\"false\">\n\t\t\t\t\t\t\t\t\t\t\t\t\t<span class=\"elementor-accordion-icon elementor-accordion-icon-right\" aria-hidden=\"true\">\n\t\t\t\t\t\t\t\t\t\t\t\t\t\t\t<span class=\"elementor-accordion-icon-closed\"><i class=\"far fa-caret-square-down\"><\/i><\/span>\n\t\t\t\t\t\t\t\t<span class=\"elementor-accordion-icon-opened\"><i class=\"far fa-caret-square-up\"><\/i><\/span>\n\t\t\t\t\t\t\t\t\t\t\t\t\t\t<\/span>\n\t\t\t\t\t\t\t\t\t\t\t\t<a class=\"elementor-accordion-title\" tabindex=\"0\">Quais servi\u00e7os a Mortero Seguran\u00e7a oferece?<\/a>\n\t\t\t\t\t<\/div>\n\t\t\t\t\t<div id=\"elementor-tab-content-1011\" class=\"elementor-tab-content elementor-clearfix\" data-tab=\"1\" role=\"region\" aria-labelledby=\"elementor-tab-title-1011\"><p>Oferecemos uma ampla gama de servi\u00e7os, incluindo seguran\u00e7a VIP, portaria, seguran\u00e7a eletr\u00f4nica, monitoramento, controle de acesso, recepcionistas, bombeiro civil, limpeza p\u00f3s-obra, auxiliar de obra, zeladoria, jardinagem e consultoria em seguran\u00e7a.<\/p><\/div>\n\t\t\t\t<\/div>\n\t\t\t\t\t\t\t<div class=\"elementor-accordion-item\">\n\t\t\t\t\t<div id=\"elementor-tab-title-1012\" class=\"elementor-tab-title\" data-tab=\"2\" role=\"button\" aria-controls=\"elementor-tab-content-1012\" aria-expanded=\"false\">\n\t\t\t\t\t\t\t\t\t\t\t\t\t<span class=\"elementor-accordion-icon elementor-accordion-icon-right\" aria-hidden=\"true\">\n\t\t\t\t\t\t\t\t\t\t\t\t\t\t\t<span class=\"elementor-accordion-icon-closed\"><i class=\"far fa-caret-square-down\"><\/i><\/span>\n\t\t\t\t\t\t\t\t<span class=\"elementor-accordion-icon-opened\"><i class=\"far fa-caret-square-up\"><\/i><\/span>\n\t\t\t\t\t\t\t\t\t\t\t\t\t\t<\/span>\n\t\t\t\t\t\t\t\t\t\t\t\t<a class=\"elementor-accordion-title\" tabindex=\"0\">Como a Mortero Seguran\u00e7a garante a qualidade de seus servi\u00e7os?<\/a>\n\t\t\t\t\t<\/div>\n\t\t\t\t\t<div id=\"elementor-tab-content-1012\" class=\"elementor-tab-content elementor-clearfix\" data-tab=\"2\" role=\"region\" aria-labelledby=\"elementor-tab-title-1012\"><p>Garantimos a qualidade por meio de profissionais altamente treinados e qualificados, constante reciclagem, estrutura organizacional de alta qualifica\u00e7\u00e3o e um departamento de qualidade que mant\u00e9m a excel\u00eancia na presta\u00e7\u00e3o de servi\u00e7os.<\/p><\/div>\n\t\t\t\t<\/div>\n\t\t\t\t\t\t\t<div class=\"elementor-accordion-item\">\n\t\t\t\t\t<div id=\"elementor-tab-title-1013\" class=\"elementor-tab-title\" data-tab=\"3\" role=\"button\" aria-controls=\"elementor-tab-content-1013\" aria-expanded=\"false\">\n\t\t\t\t\t\t\t\t\t\t\t\t\t<span class=\"elementor-accordion-icon elementor-accordion-icon-right\" aria-hidden=\"true\">\n\t\t\t\t\t\t\t\t\t\t\t\t\t\t\t<span class=\"elementor-accordion-icon-closed\"><i class=\"far fa-caret-square-down\"><\/i><\/span>\n\t\t\t\t\t\t\t\t<span class=\"elementor-accordion-icon-opened\"><i class=\"far fa-caret-square-up\"><\/i><\/span>\n\t\t\t\t\t\t\t\t\t\t\t\t\t\t<\/span>\n\t\t\t\t\t\t\t\t\t\t\t\t<a class=\"elementor-accordion-title\" tabindex=\"0\">Quais servi\u00e7os a Mortero Seguran\u00e7a oferece?<\/a>\n\t\t\t\t\t<\/div>\n\t\t\t\t\t<div id=\"elementor-tab-content-1013\" class=\"elementor-tab-content elementor-clearfix\" data-tab=\"3\" role=\"region\" aria-labelledby=\"elementor-tab-title-1013\"><p>Oferecemos uma ampla gama de servi\u00e7os, incluindo seguran\u00e7a VIP, portaria, seguran\u00e7a eletr\u00f4nica, monitoramento, controle de acesso, recepcionistas, bombeiro civil, limpeza p\u00f3s-obra, auxiliar de obra, zeladoria, jardinagem e consultoria em seguran\u00e7a.<\/p><\/div>\n\t\t\t\t<\/div>\n\t\t\t\t\t\t\t<div class=\"elementor-accordion-item\">\n\t\t\t\t\t<div id=\"elementor-tab-title-1014\" class=\"elementor-tab-title\" data-tab=\"4\" role=\"button\" aria-controls=\"elementor-tab-content-1014\" aria-expanded=\"false\">\n\t\t\t\t\t\t\t\t\t\t\t\t\t<span class=\"elementor-accordion-icon elementor-accordion-icon-right\" aria-hidden=\"true\">\n\t\t\t\t\t\t\t\t\t\t\t\t\t\t\t<span class=\"elementor-accordion-icon-closed\"><i class=\"far fa-caret-square-down\"><\/i><\/span>\n\t\t\t\t\t\t\t\t<span class=\"elementor-accordion-icon-opened\"><i class=\"far fa-caret-square-up\"><\/i><\/span>\n\t\t\t\t\t\t\t\t\t\t\t\t\t\t<\/span>\n\t\t\t\t\t\t\t\t\t\t\t\t<a class=\"elementor-accordion-title\" tabindex=\"0\">Quais tipos de clientes a Mortero Seguran\u00e7a atende?<\/a>\n\t\t\t\t\t<\/div>\n\t\t\t\t\t<div id=\"elementor-tab-content-1014\" class=\"elementor-tab-content elementor-clearfix\" data-tab=\"4\" role=\"region\" aria-labelledby=\"elementor-tab-title-1014\"><p>Atendemos condom\u00ednios (residenciais e comerciais), ind\u00fastrias, hospitais, redes de lojas, construtoras, faciliteis e empresas de diversos segmentos que buscam seguran\u00e7a e servi\u00e7os de alta qualidade.<\/p><\/div>\n\t\t\t\t<\/div>\n\t\t\t\t\t\t\t<div class=\"elementor-accordion-item\">\n\t\t\t\t\t<div id=\"elementor-tab-title-1015\" class=\"elementor-tab-title\" data-tab=\"5\" role=\"button\" aria-controls=\"elementor-tab-content-1015\" aria-expanded=\"false\">\n\t\t\t\t\t\t\t\t\t\t\t\t\t<span class=\"elementor-accordion-icon elementor-accordion-icon-right\" aria-hidden=\"true\">\n\t\t\t\t\t\t\t\t\t\t\t\t\t\t\t<span class=\"elementor-accordion-icon-closed\"><i class=\"far fa-caret-square-down\"><\/i><\/span>\n\t\t\t\t\t\t\t\t<span class=\"elementor-accordion-icon-opened\"><i class=\"far fa-caret-square-up\"><\/i><\/span>\n\t\t\t\t\t\t\t\t\t\t\t\t\t\t<\/span>\n\t\t\t\t\t\t\t\t\t\t\t\t<a class=\"elementor-accordion-title\" tabindex=\"0\">Como a Mortero Seguran\u00e7a contribui para a melhoria da qualidade de vida dos clientes?<\/a>\n\t\t\t\t\t<\/div>\n\t\t\t\t\t<div id=\"elementor-tab-content-1015\" class=\"elementor-tab-content elementor-clearfix\" data-tab=\"5\" role=\"region\" aria-labelledby=\"elementor-tab-title-1015\"><p>Nossa miss\u00e3o \u00e9 proporcionar tranquilidade aos clientes, entendendo suas necessidades com excel\u00eancia e responsabilidade, contribuindo para melhorar a qualidade de vida das pessoas.<\/p><\/div>\n\t\t\t\t<\/div>\n\t\t\t\t\t\t\t<div class=\"elementor-accordion-item\">\n\t\t\t\t\t<div id=\"elementor-tab-title-1016\" class=\"elementor-tab-title\" data-tab=\"6\" role=\"button\" aria-controls=\"elementor-tab-content-1016\" aria-expanded=\"false\">\n\t\t\t\t\t\t\t\t\t\t\t\t\t<span class=\"elementor-accordion-icon elementor-accordion-icon-right\" aria-hidden=\"true\">\n\t\t\t\t\t\t\t\t\t\t\t\t\t\t\t<span class=\"elementor-accordion-icon-closed\"><i class=\"far fa-caret-square-down\"><\/i><\/span>\n\t\t\t\t\t\t\t\t<span class=\"elementor-accordion-icon-opened\"><i class=\"far fa-caret-square-up\"><\/i><\/span>\n\t\t\t\t\t\t\t\t\t\t\t\t\t\t<\/span>\n\t\t\t\t\t\t\t\t\t\t\t\t<a class=\"elementor-accordion-title\" tabindex=\"0\">O que os clientes podem esperar ao escolher a Mortero Seguran\u00e7a?<\/a>\n\t\t\t\t\t<\/div>\n\t\t\t\t\t<div id=\"elementor-tab-content-1016\" class=\"elementor-tab-content elementor-clearfix\" data-tab=\"6\" role=\"region\" aria-labelledby=\"elementor-tab-title-1016\"><p>Ao escolher a Mortero Seguran\u00e7a, os clientes podem esperar uma empresa de refer\u00eancia que oferece servi\u00e7os de alta qualidade, relacionamento \u00e9tico e profissional, compromisso com a solu\u00e7\u00e3o de problemas e uma abordagem centrada no cliente, proporcionando uma vida livre de preocupa\u00e7\u00f5es.<\/p><\/div>\n\t\t\t\t<\/div>\n\t\t\t\t\t\t\t\t<\/div>\n\t\t\t\t\t\t<\/div>\n\t\t\t\t<\/div>\n\t\t\t\t\t<\/div>\n\t\t\t\t<\/div>\n\t\t<div class=\"elementor-element elementor-element-25c1beb e-flex e-con-boxed e-con e-parent\" data-id=\"25c1beb\" data-element_type=\"container\" data-e-type=\"container\">\n\t\t\t\t\t<div class=\"e-con-inner\">\n\t\t\t\t<div class=\"elementor-element elementor-element-3a5599a elementor-widget elementor-widget-html\" data-id=\"3a5599a\" data-element_type=\"widget\" data-e-type=\"widget\" data-widget_type=\"html.default\">\n\t\t\t\t<div class=\"elementor-widget-container\">\n\t\t\t\t\t<!-- Google Tag Manager (noscript) -->\n<noscript><iframe src=\"https:\/\/www.googletagmanager.com\/ns.html?id=GTM-T4HFLC4V\"\nheight=\"0\" width=\"0\" style=\"display:none;visibility:hidden\"><\/iframe><\/noscript>\n<!-- End Google Tag Manager (noscript) -->\t\t\t\t<\/div>\n\t\t\t\t<\/div>\n\t\t\t\t\t<\/div>\n\t\t\t\t<\/div>\n\t\t\t\t<\/div>\n\t\t","protected":false},"excerpt":{"rendered":"<p>Perguntas frequentes\/FAQ Quais servi\u00e7os a Mortero Seguran\u00e7a oferece? Oferecemos uma ampla gama de servi\u00e7os, incluindo seguran\u00e7a VIP, portaria, seguran\u00e7a eletr\u00f4nica, monitoramento, controle de acesso, recepcionistas, bombeiro civil, limpeza p\u00f3s-obra, auxiliar de obra, zeladoria, jardinagem e consultoria em seguran\u00e7a. Como a Mortero Seguran\u00e7a garante a qualidade de seus servi\u00e7os? Garantimos a qualidade por meio de profissionais [&hellip;]<\/p>\n","protected":false},"author":1,"featured_media":0,"parent":0,"menu_order":0,"comment_status":"closed","ping_status":"closed","template":"elementor_header_footer","meta":{"footnotes":""},"class_list":["post-151","page","type-page","status-publish","hentry"],"yoast_head":"<!-- This site is optimized with the Yoast SEO plugin v27.4 - https:\/\/yoast.com\/product\/yoast-seo-wordpress\/ -->\n<title>Empresa de Seguran\u00e7a e Monitoramento Jundia\u00ed<\/title>\n<meta name=\"description\" content=\"Proteja seu patrim\u00f4nio com a melhor empresa de seguran\u00e7a e monitoramento em Jundia\u00ed. Solu\u00e7\u00f5es confi\u00e1veis para sua tranquilidade.\" \/>\n<meta name=\"robots\" content=\"index, follow, max-snippet:-1, max-image-preview:large, max-video-preview:-1\" \/>\n<link rel=\"canonical\" href=\"https:\/\/morteiroseguranca.magoweb.com.br\/index.php\/faq\/\" \/>\n<meta property=\"og:locale\" content=\"pt_BR\" \/>\n<meta property=\"og:type\" content=\"article\" \/>\n<meta property=\"og:title\" content=\"Empresa de Seguran\u00e7a e Monitoramento Jundia\u00ed\" \/>\n<meta property=\"og:description\" content=\"Proteja seu patrim\u00f4nio com a melhor empresa de seguran\u00e7a e monitoramento em Jundia\u00ed. Solu\u00e7\u00f5es confi\u00e1veis para sua tranquilidade.\" \/>\n<meta property=\"og:url\" content=\"https:\/\/morteiroseguranca.magoweb.com.br\/index.php\/faq\/\" \/>\n<meta property=\"og:site_name\" content=\"Morteiro Seguran\u00e7a\" \/>\n<meta property=\"article:modified_time\" content=\"2024-08-20T19:21:06+00:00\" \/>\n<meta property=\"og:image\" content=\"https:\/\/morteiroseguranca.magoweb.com.br\/wp-content\/uploads\/2023\/09\/12-solucoes.png\" \/>\n\t<meta property=\"og:image:width\" content=\"1405\" \/>\n\t<meta property=\"og:image:height\" content=\"817\" \/>\n\t<meta property=\"og:image:type\" content=\"image\/png\" \/>\n<meta name=\"twitter:card\" content=\"summary_large_image\" \/>\n<meta name=\"twitter:label1\" content=\"Est. tempo de leitura\" \/>\n\t<meta name=\"twitter:data1\" content=\"2 minutos\" \/>\n<script type=\"application\/ld+json\" class=\"yoast-schema-graph\">{\"@context\":\"https:\\\/\\\/schema.org\",\"@graph\":[{\"@type\":\"WebPage\",\"@id\":\"https:\\\/\\\/morteiroseguranca.magoweb.com.br\\\/index.php\\\/faq\\\/\",\"url\":\"https:\\\/\\\/morteiroseguranca.magoweb.com.br\\\/index.php\\\/faq\\\/\",\"name\":\"Empresa de Seguran\u00e7a e Monitoramento Jundia\u00ed\",\"isPartOf\":{\"@id\":\"https:\\\/\\\/morteiroseguranca.magoweb.com.br\\\/#website\"},\"datePublished\":\"2023-09-05T10:46:22+00:00\",\"dateModified\":\"2024-08-20T19:21:06+00:00\",\"description\":\"Proteja seu patrim\u00f4nio com a melhor empresa de seguran\u00e7a e monitoramento em Jundia\u00ed. Solu\u00e7\u00f5es confi\u00e1veis para sua tranquilidade.\",\"breadcrumb\":{\"@id\":\"https:\\\/\\\/morteiroseguranca.magoweb.com.br\\\/index.php\\\/faq\\\/#breadcrumb\"},\"inLanguage\":\"pt-BR\",\"potentialAction\":[{\"@type\":\"ReadAction\",\"target\":[\"https:\\\/\\\/morteiroseguranca.magoweb.com.br\\\/index.php\\\/faq\\\/\"]}]},{\"@type\":\"BreadcrumbList\",\"@id\":\"https:\\\/\\\/morteiroseguranca.magoweb.com.br\\\/index.php\\\/faq\\\/#breadcrumb\",\"itemListElement\":[{\"@type\":\"ListItem\",\"position\":1,\"name\":\"Home\",\"item\":\"https:\\\/\\\/morteiroseguranca.magoweb.com.br\\\/\"},{\"@type\":\"ListItem\",\"position\":2,\"name\":\"FAQ\"}]},{\"@type\":\"WebSite\",\"@id\":\"https:\\\/\\\/morteiroseguranca.magoweb.com.br\\\/#website\",\"url\":\"https:\\\/\\\/morteiroseguranca.magoweb.com.br\\\/\",\"name\":\"Granada Seguran\u00e7a\",\"description\":\"Solu\u00e7\u00f5es sob medida para sua seguran\u00e7a\",\"publisher\":{\"@id\":\"https:\\\/\\\/morteiroseguranca.magoweb.com.br\\\/#organization\"},\"alternateName\":\"Seguran\u00e7a e Monitoramento Jundia\u00ed\",\"potentialAction\":[{\"@type\":\"SearchAction\",\"target\":{\"@type\":\"EntryPoint\",\"urlTemplate\":\"https:\\\/\\\/morteiroseguranca.magoweb.com.br\\\/?s={search_term_string}\"},\"query-input\":{\"@type\":\"PropertyValueSpecification\",\"valueRequired\":true,\"valueName\":\"search_term_string\"}}],\"inLanguage\":\"pt-BR\"},{\"@type\":\"Organization\",\"@id\":\"https:\\\/\\\/morteiroseguranca.magoweb.com.br\\\/#organization\",\"name\":\"Seguran\u00e7a e monitoramento\",\"url\":\"https:\\\/\\\/morteiroseguranca.magoweb.com.br\\\/\",\"logo\":{\"@type\":\"ImageObject\",\"inLanguage\":\"pt-BR\",\"@id\":\"https:\\\/\\\/morteiroseguranca.magoweb.com.br\\\/#\\\/schema\\\/logo\\\/image\\\/\",\"url\":\"https:\\\/\\\/morteiroseguranca.magoweb.com.br\\\/wp-content\\\/uploads\\\/2023\\\/09\\\/02-logo.png\",\"contentUrl\":\"https:\\\/\\\/morteiroseguranca.magoweb.com.br\\\/wp-content\\\/uploads\\\/2023\\\/09\\\/02-logo.png\",\"width\":185,\"height\":47,\"caption\":\"Seguran\u00e7a e monitoramento\"},\"image\":{\"@id\":\"https:\\\/\\\/morteiroseguranca.magoweb.com.br\\\/#\\\/schema\\\/logo\\\/image\\\/\"}}]}<\/script>\n<!-- \/ Yoast SEO plugin. -->","yoast_head_json":{"title":"Empresa de Seguran\u00e7a e Monitoramento Jundia\u00ed","description":"Proteja seu patrim\u00f4nio com a melhor empresa de seguran\u00e7a e monitoramento em Jundia\u00ed. Solu\u00e7\u00f5es confi\u00e1veis para sua tranquilidade.","robots":{"index":"index","follow":"follow","max-snippet":"max-snippet:-1","max-image-preview":"max-image-preview:large","max-video-preview":"max-video-preview:-1"},"canonical":"https:\/\/morteiroseguranca.magoweb.com.br\/index.php\/faq\/","og_locale":"pt_BR","og_type":"article","og_title":"Empresa de Seguran\u00e7a e Monitoramento Jundia\u00ed","og_description":"Proteja seu patrim\u00f4nio com a melhor empresa de seguran\u00e7a e monitoramento em Jundia\u00ed. Solu\u00e7\u00f5es confi\u00e1veis para sua tranquilidade.","og_url":"https:\/\/morteiroseguranca.magoweb.com.br\/index.php\/faq\/","og_site_name":"Morteiro Seguran\u00e7a","article_modified_time":"2024-08-20T19:21:06+00:00","og_image":[{"width":1405,"height":817,"url":"https:\/\/morteiroseguranca.magoweb.com.br\/wp-content\/uploads\/2023\/09\/12-solucoes.png","type":"image\/png"}],"twitter_card":"summary_large_image","twitter_misc":{"Est. tempo de leitura":"2 minutos"},"schema":{"@context":"https:\/\/schema.org","@graph":[{"@type":"WebPage","@id":"https:\/\/morteiroseguranca.magoweb.com.br\/index.php\/faq\/","url":"https:\/\/morteiroseguranca.magoweb.com.br\/index.php\/faq\/","name":"Empresa de Seguran\u00e7a e Monitoramento Jundia\u00ed","isPartOf":{"@id":"https:\/\/morteiroseguranca.magoweb.com.br\/#website"},"datePublished":"2023-09-05T10:46:22+00:00","dateModified":"2024-08-20T19:21:06+00:00","description":"Proteja seu patrim\u00f4nio com a melhor empresa de seguran\u00e7a e monitoramento em Jundia\u00ed. Solu\u00e7\u00f5es confi\u00e1veis para sua tranquilidade.","breadcrumb":{"@id":"https:\/\/morteiroseguranca.magoweb.com.br\/index.php\/faq\/#breadcrumb"},"inLanguage":"pt-BR","potentialAction":[{"@type":"ReadAction","target":["https:\/\/morteiroseguranca.magoweb.com.br\/index.php\/faq\/"]}]},{"@type":"BreadcrumbList","@id":"https:\/\/morteiroseguranca.magoweb.com.br\/index.php\/faq\/#breadcrumb","itemListElement":[{"@type":"ListItem","position":1,"name":"Home","item":"https:\/\/morteiroseguranca.magoweb.com.br\/"},{"@type":"ListItem","position":2,"name":"FAQ"}]},{"@type":"WebSite","@id":"https:\/\/morteiroseguranca.magoweb.com.br\/#website","url":"https:\/\/morteiroseguranca.magoweb.com.br\/","name":"Granada Seguran\u00e7a","description":"Solu\u00e7\u00f5es sob medida para sua seguran\u00e7a","publisher":{"@id":"https:\/\/morteiroseguranca.magoweb.com.br\/#organization"},"alternateName":"Seguran\u00e7a e Monitoramento Jundia\u00ed","potentialAction":[{"@type":"SearchAction","target":{"@type":"EntryPoint","urlTemplate":"https:\/\/morteiroseguranca.magoweb.com.br\/?s={search_term_string}"},"query-input":{"@type":"PropertyValueSpecification","valueRequired":true,"valueName":"search_term_string"}}],"inLanguage":"pt-BR"},{"@type":"Organization","@id":"https:\/\/morteiroseguranca.magoweb.com.br\/#organization","name":"Seguran\u00e7a e monitoramento","url":"https:\/\/morteiroseguranca.magoweb.com.br\/","logo":{"@type":"ImageObject","inLanguage":"pt-BR","@id":"https:\/\/morteiroseguranca.magoweb.com.br\/#\/schema\/logo\/image\/","url":"https:\/\/morteiroseguranca.magoweb.com.br\/wp-content\/uploads\/2023\/09\/02-logo.png","contentUrl":"https:\/\/morteiroseguranca.magoweb.com.br\/wp-content\/uploads\/2023\/09\/02-logo.png","width":185,"height":47,"caption":"Seguran\u00e7a e monitoramento"},"image":{"@id":"https:\/\/morteiroseguranca.magoweb.com.br\/#\/schema\/logo\/image\/"}}]}},"_links":{"self":[{"href":"https:\/\/morteiroseguranca.magoweb.com.br\/index.php\/wp-json\/wp\/v2\/pages\/151","targetHints":{"allow":["GET"]}}],"collection":[{"href":"https:\/\/morteiroseguranca.magoweb.com.br\/index.php\/wp-json\/wp\/v2\/pages"}],"about":[{"href":"https:\/\/morteiroseguranca.magoweb.com.br\/index.php\/wp-json\/wp\/v2\/types\/page"}],"author":[{"embeddable":true,"href":"https:\/\/morteiroseguranca.magoweb.com.br\/index.php\/wp-json\/wp\/v2\/users\/1"}],"replies":[{"embeddable":true,"href":"https:\/\/morteiroseguranca.magoweb.com.br\/index.php\/wp-json\/wp\/v2\/comments?post=151"}],"version-history":[{"count":23,"href":"https:\/\/morteiroseguranca.magoweb.com.br\/index.php\/wp-json\/wp\/v2\/pages\/151\/revisions"}],"predecessor-version":[{"id":706,"href":"https:\/\/morteiroseguranca.magoweb.com.br\/index.php\/wp-json\/wp\/v2\/pages\/151\/revisions\/706"}],"wp:attachment":[{"href":"https:\/\/morteiroseguranca.magoweb.com.br\/index.php\/wp-json\/wp\/v2\/media?parent=151"}],"curies":[{"name":"wp","href":"https:\/\/api.w.org\/{rel}","templated":true}]}}